{"id":2,"date":"2019-12-08T20:00:56","date_gmt":"2019-12-08T20:00:56","guid":{"rendered":"http:\/\/www1.stimmbande.at\/?page_id=2"},"modified":"2025-09-30T15:11:32","modified_gmt":"2025-09-30T15:11:32","slug":"sample-page","status":"publish","type":"page","link":"https:\/\/www.stimmbande.at\/index.php\/sample-page\/","title":{"rendered":"\u00dcber uns"},"content":{"rendered":"\n<p>Das Vokalensemble Stimmbande wurde 2005 von einigen singw\u00fctigen Jugendlichen in Eisenstadt gegr\u00fcndet und hat sich der A-Cappella-Musik verschrieben. Ob Popsong, Gospel, Madrigal, Volkslied, klassische oder zeitgen\u00f6ssische Chormusik &#8211; wir lieben A-Cappella-Werke der unterschiedlichsten Stilrichtungen und wollten uns nie auf eine Sparte festlegen. \u00a0Erst in den letzten Jahren haben wir uns auf das Pop-Genre spezialisiert.<br>Unsere 20j\u00e4hrige Geschichte ist gepr\u00e4gt von Erfolgen bei Chorwettbewerben, der Aufnahme unserer CD &#8222;endlich!&#8220; und vielen Auftritten bei Konzerten, Vernissagen und Hochzeiten.\u00a0<\/p>\n\n\n\n<figure class=\"wp-block-image size-large\"><img loading=\"lazy\" decoding=\"async\" width=\"768\" height=\"1024\" src=\"https:\/\/www.stimmbande.at\/wp-content\/uploads\/2022\/07\/Foto-24.07.22-18-15-53-768x1024.jpg\" alt=\"\" class=\"wp-image-165\" srcset=\"https:\/\/www.stimmbande.at\/wp-content\/uploads\/2022\/07\/Foto-24.07.22-18-15-53-768x1024.jpg 768w, https:\/\/www.stimmbande.at\/wp-content\/uploads\/2022\/07\/Foto-24.07.22-18-15-53-225x300.jpg 225w, https:\/\/www.stimmbande.at\/wp-content\/uploads\/2022\/07\/Foto-24.07.22-18-15-53-1152x1536.jpg 1152w, https:\/\/www.stimmbande.at\/wp-content\/uploads\/2022\/07\/Foto-24.07.22-18-15-53-1536x2048.jpg 1536w, https:\/\/www.stimmbande.at\/wp-content\/uploads\/2022\/07\/Foto-24.07.22-18-15-53-scaled.jpg 1920w\" sizes=\"auto, (max-width: 706px) 89vw, (max-width: 767px) 82vw, 740px\" \/><figcaption class=\"wp-element-caption\">Foto: Walter Schranz<\/figcaption><\/figure>\n\n\n\n<p>Inzwischen sind wir zwar nicht mehr ganz so jugendlich, der Spa\u00df am Singen ist aber geblieben. Die Besetzung hat sich schon einige Male ge\u00e4ndert und so sind mittlerweile nur noch zwei der urspr\u00fcnglichen Gr\u00fcndungsmitglieder vertreten.<\/p>\n\n\n\n<figure class=\"wp-block-image size-large\"><img loading=\"lazy\" decoding=\"async\" width=\"1024\" height=\"768\" src=\"https:\/\/www.stimmbande.at\/wp-content\/uploads\/2022\/07\/Foto-24.07.22-18-10-03-1024x768.jpg\" alt=\"\" class=\"wp-image-167\" srcset=\"https:\/\/www.stimmbande.at\/wp-content\/uploads\/2022\/07\/Foto-24.07.22-18-10-03-1024x768.jpg 1024w, https:\/\/www.stimmbande.at\/wp-content\/uploads\/2022\/07\/Foto-24.07.22-18-10-03-300x225.jpg 300w, https:\/\/www.stimmbande.at\/wp-content\/uploads\/2022\/07\/Foto-24.07.22-18-10-03-768x576.jpg 768w, https:\/\/www.stimmbande.at\/wp-content\/uploads\/2022\/07\/Foto-24.07.22-18-10-03-1536x1152.jpg 1536w, https:\/\/www.stimmbande.at\/wp-content\/uploads\/2022\/07\/Foto-24.07.22-18-10-03-2048x1536.jpg 2048w\" sizes=\"auto, (max-width: 706px) 89vw, (max-width: 767px) 82vw, 740px\" \/><figcaption class=\"wp-element-caption\">Foto: Walter Schranz<\/figcaption><\/figure>\n\n\n\n<p><strong>Unsere aktuelle Besetzung:<\/strong><\/p>\n\n\n\n<div class=\"wp-block-columns is-layout-flex wp-container-core-columns-is-layout-9d6595d7 wp-block-columns-is-layout-flex\">\n<div class=\"wp-block-column is-layout-flow wp-block-column-is-layout-flow\">\n<p class=\"has-small-font-size\">Eva Schranz, Sopran<br>(Hebamme)<\/p>\n\n\n\n<figure class=\"wp-block-image size-large is-resized\"><img loading=\"lazy\" decoding=\"async\" width=\"776\" height=\"1024\" src=\"https:\/\/www.stimmbande.at\/wp-content\/uploads\/2019\/12\/DSC_2824-776x1024.jpg\" alt=\"\" class=\"wp-image-48\" style=\"width:141px;height:185px\" srcset=\"https:\/\/www.stimmbande.at\/wp-content\/uploads\/2019\/12\/DSC_2824-776x1024.jpg 776w, https:\/\/www.stimmbande.at\/wp-content\/uploads\/2019\/12\/DSC_2824-227x300.jpg 227w, https:\/\/www.stimmbande.at\/wp-content\/uploads\/2019\/12\/DSC_2824-768x1013.jpg 768w, https:\/\/www.stimmbande.at\/wp-content\/uploads\/2019\/12\/DSC_2824-1165x1536.jpg 1165w, https:\/\/www.stimmbande.at\/wp-content\/uploads\/2019\/12\/DSC_2824-1553x2048.jpg 1553w, https:\/\/www.stimmbande.at\/wp-content\/uploads\/2019\/12\/DSC_2824-scaled.jpg 1941w\" sizes=\"auto, (max-width: 706px) 89vw, (max-width: 767px) 82vw, 740px\" \/><\/figure>\n<\/div>\n\n\n\n<div class=\"wp-block-column is-layout-flow wp-block-column-is-layout-flow\">\n<p class=\"has-small-font-size\">Teresa Presich, Mezzo <br>(Juristin)<\/p>\n\n\n\n<figure class=\"wp-block-image size-large is-resized\"><img loading=\"lazy\" decoding=\"async\" width=\"590\" height=\"783\" src=\"https:\/\/www.stimmbande.at\/wp-content\/uploads\/2019\/12\/PHOTO-2019-12-10-12-38-06.jpg\" alt=\"\" class=\"wp-image-66\" style=\"width:134px;height:178px\" srcset=\"https:\/\/www.stimmbande.at\/wp-content\/uploads\/2019\/12\/PHOTO-2019-12-10-12-38-06.jpg 590w, https:\/\/www.stimmbande.at\/wp-content\/uploads\/2019\/12\/PHOTO-2019-12-10-12-38-06-226x300.jpg 226w\" sizes=\"auto, (max-width: 590px) 100vw, 590px\" \/><\/figure>\n<\/div>\n\n\n\n<div class=\"wp-block-column is-layout-flow wp-block-column-is-layout-flow\">\n<p class=\"has-small-font-size\">Karoline Klein, Alt <br>(Angestellte)<\/p>\n\n\n\n<figure class=\"wp-block-image size-large is-resized\"><img loading=\"lazy\" decoding=\"async\" width=\"338\" height=\"447\" src=\"https:\/\/www.stimmbande.at\/wp-content\/uploads\/2022\/06\/IMG_9720.jpg\" alt=\"\" class=\"wp-image-154\" style=\"width:139px;height:183px\" srcset=\"https:\/\/www.stimmbande.at\/wp-content\/uploads\/2022\/06\/IMG_9720.jpg 338w, https:\/\/www.stimmbande.at\/wp-content\/uploads\/2022\/06\/IMG_9720-227x300.jpg 227w\" sizes=\"auto, (max-width: 338px) 100vw, 338px\" \/><\/figure>\n<\/div>\n<\/div>\n\n\n\n<div class=\"wp-block-columns is-layout-flex wp-container-core-columns-is-layout-9d6595d7 wp-block-columns-is-layout-flex\">\n<div class=\"wp-block-column is-layout-flow wp-block-column-is-layout-flow\">\n<p class=\"has-small-font-size\">Wolfgang Kreuziger, Tenor<br>(Journalist)<\/p>\n\n\n\n<figure class=\"wp-block-image size-large is-resized\"><img loading=\"lazy\" decoding=\"async\" width=\"706\" height=\"892\" src=\"https:\/\/www.stimmbande.at\/wp-content\/uploads\/2019\/12\/wolfgang.jpg\" alt=\"\" class=\"wp-image-87\" style=\"width:169px;height:213px\" srcset=\"https:\/\/www.stimmbande.at\/wp-content\/uploads\/2019\/12\/wolfgang.jpg 706w, https:\/\/www.stimmbande.at\/wp-content\/uploads\/2019\/12\/wolfgang-237x300.jpg 237w\" sizes=\"auto, (max-width: 706px) 100vw, 706px\" \/><\/figure>\n\n\n\n<p><\/p>\n<\/div>\n\n\n\n<div class=\"wp-block-column is-layout-flow wp-block-column-is-layout-flow\">\n<p class=\"has-small-font-size\">Thomas Klein, Bariton<br>(Lehrer)<\/p>\n\n\n\n<figure class=\"wp-block-image size-large is-resized\"><img loading=\"lazy\" decoding=\"async\" width=\"670\" height=\"1024\" src=\"https:\/\/www.stimmbande.at\/wp-content\/uploads\/2019\/12\/Thomas-2-670x1024.jpg\" alt=\"\" class=\"wp-image-67\" style=\"width:140px;height:214px\" srcset=\"https:\/\/www.stimmbande.at\/wp-content\/uploads\/2019\/12\/Thomas-2-670x1024.jpg 670w, https:\/\/www.stimmbande.at\/wp-content\/uploads\/2019\/12\/Thomas-2-196x300.jpg 196w, https:\/\/www.stimmbande.at\/wp-content\/uploads\/2019\/12\/Thomas-2-768x1174.jpg 768w, https:\/\/www.stimmbande.at\/wp-content\/uploads\/2019\/12\/Thomas-2-1005x1536.jpg 1005w, https:\/\/www.stimmbande.at\/wp-content\/uploads\/2019\/12\/Thomas-2-1339x2048.jpg 1339w, https:\/\/www.stimmbande.at\/wp-content\/uploads\/2019\/12\/Thomas-2.jpg 1469w\" sizes=\"auto, (max-width: 670px) 100vw, 670px\" \/><\/figure>\n<\/div>\n<\/div>\n\n\n\n<p>Folgen Sie uns auf Facebook:  <a rel=\"noreferrer noopener\" aria-label=\"Vokalensemble Stimmbande  (opens in a new tab)\" href=\"https:\/\/www.facebook.com\/vokalensemblestimmbande\" target=\"_blank\">Vokalensemble Stimmbande <\/a><\/p>\n","protected":false},"excerpt":{"rendered":"<p>Das Vokalensemble Stimmbande wurde 2005 von einigen singw\u00fctigen Jugendlichen in Eisenstadt gegr\u00fcndet und hat sich der A-Cappella-Musik verschrieben. Ob Popsong, Gospel, Madrigal, Volkslied, klassische oder zeitgen\u00f6ssische Chormusik &#8211; wir lieben A-Cappella-Werke der unterschiedlichsten Stilrichtungen und wollten uns nie auf eine Sparte festlegen. \u00a0Erst in den letzten Jahren haben wir uns auf das Pop-Genre spezialisiert.Unsere 20j\u00e4hrige &hellip; <\/p>\n<p class=\"link-more\"><a href=\"https:\/\/www.stimmbande.at\/index.php\/sample-page\/\" class=\"more-link\"><span class=\"screen-reader-text\">\u201e\u00dcber uns\u201c<\/span> weiterlesen<\/a><\/p>\n","protected":false},"author":1,"featured_media":0,"parent":0,"menu_order":0,"comment_status":"closed","ping_status":"open","template":"","meta":{"footnotes":""},"class_list":["post-2","page","type-page","status-publish","hentry"],"_links":{"self":[{"href":"https:\/\/www.stimmbande.at\/index.php\/wp-json\/wp\/v2\/pages\/2","targetHints":{"allow":["GET"]}}],"collection":[{"href":"https:\/\/www.stimmbande.at\/index.php\/wp-json\/wp\/v2\/pages"}],"about":[{"href":"https:\/\/www.stimmbande.at\/index.php\/wp-json\/wp\/v2\/types\/page"}],"author":[{"embeddable":true,"href":"https:\/\/www.stimmbande.at\/index.php\/wp-json\/wp\/v2\/users\/1"}],"replies":[{"embeddable":true,"href":"https:\/\/www.stimmbande.at\/index.php\/wp-json\/wp\/v2\/comments?post=2"}],"version-history":[{"count":23,"href":"https:\/\/www.stimmbande.at\/index.php\/wp-json\/wp\/v2\/pages\/2\/revisions"}],"predecessor-version":[{"id":270,"href":"https:\/\/www.stimmbande.at\/index.php\/wp-json\/wp\/v2\/pages\/2\/revisions\/270"}],"wp:attachment":[{"href":"https:\/\/www.stimmbande.at\/index.php\/wp-json\/wp\/v2\/media?parent=2"}],"curies":[{"name":"wp","href":"https:\/\/api.w.org\/{rel}","templated":true}]}}