{"id":11,"date":"2019-12-08T20:44:54","date_gmt":"2019-12-08T20:44:54","guid":{"rendered":"http:\/\/www1.stimmbande.at\/?page_id=11"},"modified":"2026-04-02T12:04:01","modified_gmt":"2026-04-02T12:04:01","slug":"cd","status":"publish","type":"page","link":"https:\/\/www.stimmbande.at\/index.php\/cd\/","title":{"rendered":"H\u00f6rproben"},"content":{"rendered":"\n<p>Aktuelle H\u00f6rproben von uns findest du hier auf Youtube:<\/p>\n\n\n\n<p><a href=\"https:\/\/www.youtube.com\/watch?v=-nSCWDBSbUQ\">Fix you (Coldplay)<\/a><\/p>\n\n\n\n<p><a href=\"https:\/\/www.youtube.com\/watch?v=z2R71Bcot34\">Believer (Imagine Dragons)<\/a><\/p>\n\n\n\n<p><a href=\"https:\/\/www.youtube.com\/watch?v=LlL6Tg_CIDQ\">Chasing Cars (Snow Patrol)<\/a><\/p>\n\n\n\n<p><a href=\"https:\/\/www.youtube.com\/watch?v=J2Zk0P7CC-s\">Ist da jemand (Adel Tawil)<\/a><\/p>\n\n\n\n<p><a href=\"https:\/\/www.youtube.com\/watch?v=KvgJvkOA0dA\">Beautiful Things (Benson Boone)<\/a><\/p>\n\n\n\n<p><\/p>\n\n\n\n<p>Da wir jahrelang immer wieder gefragt wurden, wann es denn nun&nbsp;<strong>endlich<\/strong>&nbsp;eine CD von uns g\u00e4be, stand schnell fest, dass unser Erstlingswerk den Namen &#8222;endlich!&#8220; tragen sollte. Mittlerweile hat unsere CD schon ein paar J\u00e4hrchen auf dem Buckel, einige St\u00fccke davon singen wir aber immer noch gerne und regelm\u00e4\u00dfig.<br>Von Renaissance und Romantik \u00fcber Beatles-Songs und Volkslieder bis hin zu Pop und zeitgen\u00f6ssischen St\u00fccken ist alles vertreten &#8211; kurz gesagt, A-Cappella-Musik aus 400 Jahren. Die CD wurde in Kooperation mit dem ORF Burgenland sowie dem Kulturreferat der Burgenl\u00e4ndischen&nbsp;Landesregierung produziert und kann um \u20ac 10,00 direkt bei unseren Mitgliedern erworben oder mittels&nbsp;formloser&nbsp;<strong><a href=\"mailto:office@stimmbande.at\">E-<\/a><a href=\"mailto:eva.schranz@gmx.at\">Mail<\/a><\/strong>&nbsp;bestellt werden. Der Versand erfolgt zu den Tarifen der \u00d6sterreichischen Post.<br>Folgende St\u00fccke sind auf der CD verewigt (manche Titel k\u00f6nnen angeklickt werden, um einen kurzen Ausschnitt zu h\u00f6ren):<\/p>\n\n\n\n<div class=\"wp-block-columns is-layout-flex wp-container-core-columns-is-layout-9d6595d7 wp-block-columns-is-layout-flex\">\n<div class=\"wp-block-column is-layout-flow wp-block-column-is-layout-flow\">\n<p style=\"font-size:11px\">Fair Phyllis I saw<br><a rel=\"noreferrer noopener\" aria-label=\"Beati quorum via (opens in a new tab)\" href=\"\/upload\/02Beatiquorumviakurz1.mp3\" target=\"_blank\">Beati quorum via<\/a><br>I&#8217;ll be back<br><a rel=\"noreferrer noopener\" aria-label=\"More than words (opens in a new tab)\" href=\"\/upload\/04Morethanwordskurz.mp3\" target=\"_blank\">More than words<\/a><br>Is scho still uman See<br>S&#8217;Lebn<\/p>\n<\/div>\n\n\n\n<div class=\"wp-block-column is-layout-flow wp-block-column-is-layout-flow\">\n<p style=\"font-size:11px\">Waldesnacht<br><a href=\"\/upload\/08Haecdieskurz.mp3\" target=\"_blank\" rel=\"noreferrer noopener\" aria-label=\"Haec dies (opens in a new tab)\">Haec dies<\/a><br>Now is the month of Maying<br><a href=\"\/upload\/10Chiliconcarnekurz.mp3\" target=\"_blank\" rel=\"noreferrer noopener\" aria-label=\"Chili con carne (opens in a new tab)\">Chili con carne<\/a><br><a href=\"\/upload\/11Andsoitgoeskurz.mp3\" target=\"_blank\" rel=\"noreferrer noopener\" aria-label=\"And so it goes (opens in a new tab)\">And so it goes<\/a><\/p>\n<\/div>\n\n\n\n<div class=\"wp-block-column is-layout-flow wp-block-column-is-layout-flow\">\n<p style=\"font-size:11px\"><a href=\"\/upload\/12IfYeLoveMekurz.mp3\" target=\"_blank\" rel=\"noreferrer noopener\" aria-label=\"If ye love me (opens in a new tab)\">If ye love me<\/a><br>I sing, you sing<br>A thousand years<br><a href=\"\/upload\/15TheBlueBirdkurz.mp3\" target=\"_blank\" rel=\"noreferrer noopener\" aria-label=\"The Blue Bird (opens in a new tab)\">The Blue Bird<\/a><br>Die Nacht<\/p>\n<\/div>\n<\/div>\n\n\n<div class=\"wp-block-image\">\n<figure class=\"aligncenter size-large\"><img loading=\"lazy\" decoding=\"async\" width=\"224\" height=\"223\" src=\"http:\/\/www1.stimmbande.at\/wp-content\/uploads\/2019\/12\/coverendlich.png\" alt=\"\" class=\"wp-image-19\" srcset=\"https:\/\/www.stimmbande.at\/wp-content\/uploads\/2019\/12\/coverendlich.png 224w, https:\/\/www.stimmbande.at\/wp-content\/uploads\/2019\/12\/coverendlich-150x150.png 150w\" sizes=\"auto, (max-width: 224px) 100vw, 224px\" \/><\/figure><\/div>\n\n\n<p>Weitere \u00e4ltere Online-H\u00f6rproben von uns gibt es hier:<\/p>\n\n\n\n<div class=\"wp-block-columns is-layout-flex wp-container-core-columns-is-layout-9d6595d7 wp-block-columns-is-layout-flex\">\n<div class=\"wp-block-column is-layout-flow wp-block-column-is-layout-flow\">\n<p style=\"font-size:11px\"><strong>Weihnachtliches<\/strong><br><br><a href=\"\/upload\/allnight.mp3\" target=\"_blank\" rel=\"noreferrer noopener\" aria-label=\"All night, all day (opens in a new tab)\">All night, all day<\/a><br><a href=\"\/upload\/astillekurz.mp3\" target=\"_blank\" rel=\"noreferrer noopener\" aria-label=\"A stille Zeit (opens in a new tab)\">A stille Zeit<\/a><br><a href=\"\/upload\/Carolofthebells10.mp3\" target=\"_blank\" rel=\"noreferrer noopener\" aria-label=\" (opens in a new tab)\">Carol of the bells<\/a><br><a href=\"\/upload\/Es wird scho glei dumpa ausschnitt.mp3\" target=\"_blank\" rel=\"noreferrer noopener\" aria-label=\"Es wird scho glei dumpa (opens in a new tab)\">Es wird scho glei dumpa<\/a><br><a href=\"\/upload\/letitsnow.mp3\" target=\"_blank\" rel=\"noreferrer noopener\" aria-label=\"Let it snow (opens in a new tab)\">Let it snow<\/a><br><a href=\"\/upload\/ridethechariotkurz.mp3\" target=\"_blank\" rel=\"noreferrer noopener\" aria-label=\"Ride the Chariot (opens in a new tab)\">Ride the Chariot<\/a><br><a href=\"\/upload\/Rorateachtauet10.mp3\" target=\"_blank\" rel=\"noreferrer noopener\" aria-label=\"Rorate, ach tauet (opens in a new tab)\">Rorate, ach tauet<\/a><br><a href=\"\/upload\/Santa Claus ausschnitt.mp3\" target=\"_blank\" rel=\"noreferrer noopener\" aria-label=\"Santa Claus is coming to town (opens in a new tab)\">Santa Claus is coming to town<\/a><br><br><br><\/p>\n<\/div>\n\n\n\n<div class=\"wp-block-column is-layout-flow wp-block-column-is-layout-flow\">\n<p style=\"font-size:11px\"><strong>Pop\/Rock\/Gospel\/Jazz<\/strong><br><br><a rel=\"noreferrer noopener\" aria-label=\" (opens in a new tab)\" href=\"\/upload\/cantbuymelovekurz.mp3\" target=\"_blank\">Can&#8217;t buy me love<\/a><br><a rel=\"noreferrer noopener\" aria-label=\"Chattanooga Choo Choo (opens in a new tab)\" href=\"\/upload\/ChattanoogaStimmbande.mp3\" target=\"_blank\">Chattanooga Choo Choo<\/a><br><a rel=\"noreferrer noopener\" aria-label=\"Come in and stay a while (opens in a new tab)\" href=\"\/upload\/Come in and stay while ganz.mp3\" target=\"_blank\">Come in and stay a while<\/a><br><a rel=\"noreferrer noopener\" aria-label=\"Hallelujah (opens in a new tab)\" href=\"\/upload\/Hallelujah10kurz.mp3\" target=\"_blank\">Hallelujah<\/a><br><a rel=\"noreferrer noopener\" aria-label=\"Higher and higher (opens in a new tab)\" href=\"\/upload\/Higherandhigher10.mp3\" target=\"_blank\">Higher and higher<\/a><br><a rel=\"noreferrer noopener\" aria-label=\"If I fell in love with you (opens in a new tab)\" href=\"\/upload\/If I fell ausschnitt.mp3\" target=\"_blank\">If I fell in love with you<\/a><br><a rel=\"noreferrer noopener\" aria-label=\"I'll be there for you (opens in a new tab)\" href=\"\/upload\/I'll be there for you ausschnitt.mp3\" target=\"_blank\">I&#8217;ll be there for you<\/a><br><a rel=\"noreferrer noopener\" aria-label=\"I'm yours (opens in a new tab)\" href=\"\/upload\/imyours ausschnitt.mp3\" target=\"_blank\">I&#8217;m yours<\/a><br><a rel=\"noreferrer noopener\" aria-label=\"I want to thank you, Lord (opens in a new tab)\" href=\"\/upload\/iwanttothankkurz.mp3\" target=\"_blank\">I want to thank you, Lord<\/a><br><a rel=\"noreferrer noopener\" aria-label=\"Lord I know I've been changed (opens in a new tab)\" href=\"\/upload\/Lord I know ausschnitt.mp3\" target=\"_blank\">Lord I know I&#8217;ve been ch<\/a>&#8230;<br><a rel=\"noreferrer noopener\" aria-label=\"Lullabye (opens in a new tab)\" href=\"\/upload\/Lullabye ausschnitt.mp3\" target=\"_blank\">Lullabye<\/a><br><a rel=\"noreferrer noopener\" aria-label=\"Probier's mal mit Gem\u00fctlichkeit (opens in a new tab)\" href=\"\/upload\/probiersmal ausschnitt.mp3\" target=\"_blank\">Probier&#8217;s mal mit Gem\u00fctlichkeit<\/a><br><a rel=\"noreferrer noopener\" aria-label=\"Somewhere over the rainbow (opens in a new tab)\" href=\"\/upload\/Somewhere10.mp3\" target=\"_blank\">Somewhere over the rainbow<\/a><br><a rel=\"noreferrer noopener\" aria-label=\"So's I can write my name (opens in a new tab)\" href=\"\/upload\/sos ausschnitt.mp3\" target=\"_blank\">So&#8217;s I can write my name<\/a><\/p>\n<\/div>\n\n\n\n<div class=\"wp-block-column is-layout-flow wp-block-column-is-layout-flow\">\n<p style=\"font-size:11px\"><strong>Klassik\/Romantik\/ Zeitgen\u00f6ssisches<\/strong><br><br><a href=\"\/upload\/nachtigall ausschnitt.mp3\" target=\"_blank\" rel=\"noreferrer noopener\" aria-label=\"Die Nachtigall (opens in a new tab)\">Die Nachtigall<\/a><br><a href=\"\/upload\/gottbhuetekurz.mp3\" target=\"_blank\" rel=\"noreferrer noopener\" aria-label=\"Gott bh\u00fcte dich (opens in a new tab)\">Gott bh\u00fcte dich<\/a><br><a href=\"\/upload\/Now is the Month of Maying ausschnitt.mp3\" target=\"_blank\" rel=\"noreferrer noopener\" aria-label=\"Now is the Month of Maying (opens in a new tab)\">Now is the Month of Maying<\/a><br><a href=\"\/upload\/O magnum mysterium ausschnitt.mp3\" target=\"_blank\" rel=\"noreferrer noopener\" aria-label=\"O magnum mysterium (opens in a new tab)\">O magnum mysterium<\/a><br><a href=\"\/upload\/praeludiumkurz.mp3\" target=\"_blank\" rel=\"noreferrer noopener\" aria-label=\"Pr\u00e4ludium in F-Moll  (opens in a new tab)\">Pr\u00e4ludium in F-Moll <\/a><br><a href=\"\/upload\/Salve regina ausschnitt.mp3\" target=\"_blank\" rel=\"noreferrer noopener\" aria-label=\"Salve regina (opens in a new tab)\">Salve regina<\/a><br><a href=\"\/upload\/sommarpsalmkurz.mp3\" target=\"_blank\" rel=\"noreferrer noopener\" aria-label=\"Sommarpsalm (opens in a new tab)\">Sommarpsalm<\/a><br><a href=\"\/upload\/sommerzeitkurz.mp3\" target=\"_blank\" rel=\"noreferrer noopener\" aria-label=\"Sommerzeit (opens in a new tab)\">Sommerzeit<\/a><br><a href=\"\/upload\/tragmiwindkurz.mp3\" target=\"_blank\" rel=\"noreferrer noopener\" aria-label=\"Trag mi Wind (opens in a new tab)\">Trag mi Wind<\/a><br><\/p>\n<\/div>\n<\/div>\n","protected":false},"excerpt":{"rendered":"<p>Aktuelle H\u00f6rproben von uns findest du hier auf Youtube: Fix you (Coldplay) Believer (Imagine Dragons) Chasing Cars (Snow Patrol) Ist da jemand (Adel Tawil) Beautiful Things (Benson Boone) Da wir jahrelang immer wieder gefragt wurden, wann es denn nun&nbsp;endlich&nbsp;eine CD von uns g\u00e4be, stand schnell fest, dass unser Erstlingswerk den Namen &#8222;endlich!&#8220; tragen sollte. Mittlerweile &hellip; <\/p>\n<p class=\"link-more\"><a href=\"https:\/\/www.stimmbande.at\/index.php\/cd\/\" class=\"more-link\"><span class=\"screen-reader-text\">\u201eH\u00f6rproben\u201c<\/span> weiterlesen<\/a><\/p>\n","protected":false},"author":1,"featured_media":0,"parent":0,"menu_order":0,"comment_status":"closed","ping_status":"closed","template":"","meta":{"footnotes":""},"class_list":["post-11","page","type-page","status-publish","hentry"],"_links":{"self":[{"href":"https:\/\/www.stimmbande.at\/index.php\/wp-json\/wp\/v2\/pages\/11","targetHints":{"allow":["GET"]}}],"collection":[{"href":"https:\/\/www.stimmbande.at\/index.php\/wp-json\/wp\/v2\/pages"}],"about":[{"href":"https:\/\/www.stimmbande.at\/index.php\/wp-json\/wp\/v2\/types\/page"}],"author":[{"embeddable":true,"href":"https:\/\/www.stimmbande.at\/index.php\/wp-json\/wp\/v2\/users\/1"}],"replies":[{"embeddable":true,"href":"https:\/\/www.stimmbande.at\/index.php\/wp-json\/wp\/v2\/comments?post=11"}],"version-history":[{"count":18,"href":"https:\/\/www.stimmbande.at\/index.php\/wp-json\/wp\/v2\/pages\/11\/revisions"}],"predecessor-version":[{"id":278,"href":"https:\/\/www.stimmbande.at\/index.php\/wp-json\/wp\/v2\/pages\/11\/revisions\/278"}],"wp:attachment":[{"href":"https:\/\/www.stimmbande.at\/index.php\/wp-json\/wp\/v2\/media?parent=11"}],"curies":[{"name":"wp","href":"https:\/\/api.w.org\/{rel}","templated":true}]}}